{"id":1933,"date":"2025-06-23T16:09:05","date_gmt":"2025-06-23T19:09:05","guid":{"rendered":"https:\/\/ikaron.com.br\/site\/?page_id=1933"},"modified":"2025-09-04T16:21:05","modified_gmt":"2025-09-04T19:21:05","slug":"inteligencia-artificial","status":"publish","type":"page","link":"https:\/\/ikaron.com.br\/site\/inteligencia-artificial\/","title":{"rendered":"INTELIG\u00caNCIA ARTIFICIAL"},"content":{"rendered":"\t\t<div data-elementor-type=\"wp-page\" data-elementor-id=\"1933\" class=\"elementor elementor-1933\">\n\t\t\t\t\t\t<section class=\"elementor-section elementor-top-section elementor-element elementor-element-7ad79c38 elementor-section-boxed elementor-section-height-default elementor-section-height-default wpr-particle-no wpr-jarallax-no wpr-parallax-no wpr-sticky-section-no wpr-column-slider-no wpr-equal-height-no\" data-id=\"7ad79c38\" data-element_type=\"section\" data-e-type=\"section\" data-settings=\"{&quot;background_background&quot;:&quot;classic&quot;}\">\n\t\t\t\t\t\t\t<div class=\"elementor-background-overlay\"><\/div>\n\t\t\t\t\t\t\t<div class=\"elementor-container elementor-column-gap-default\">\n\t\t\t\t\t<div class=\"elementor-column elementor-col-100 elementor-top-column elementor-element elementor-element-4568a67b\" data-id=\"4568a67b\" data-element_type=\"column\" data-e-type=\"column\">\n\t\t\t<div class=\"elementor-widget-wrap elementor-element-populated\">\n\t\t\t\t\t\t<div class=\"elementor-element elementor-element-3010ab51 elementor-widget elementor-widget-heading\" data-id=\"3010ab51\" data-element_type=\"widget\" data-e-type=\"widget\" data-widget_type=\"heading.default\">\n\t\t\t\t<div class=\"elementor-widget-container\">\n\t\t\t\t\t<h2 class=\"elementor-heading-title elementor-size-default\">Intelig\u00eancia Artificial<\/h2>\t\t\t\t<\/div>\n\t\t\t\t<\/div>\n\t\t\t\t<div class=\"elementor-element elementor-element-58355443 elementor-widget elementor-widget-heading\" data-id=\"58355443\" data-element_type=\"widget\" data-e-type=\"widget\" data-widget_type=\"heading.default\">\n\t\t\t\t<div class=\"elementor-widget-container\">\n\t\t\t\t\t<h2 class=\"elementor-heading-title elementor-size-default\">(Artificial Intelligence)<\/h2>\t\t\t\t<\/div>\n\t\t\t\t<\/div>\n\t\t\t\t\t<\/div>\n\t\t<\/div>\n\t\t\t\t\t<\/div>\n\t\t<\/section>\n\t\t<div class=\"elementor-element elementor-element-6104fe1c e-flex e-con-boxed wpr-particle-no wpr-jarallax-no wpr-parallax-no wpr-sticky-section-no wpr-column-slider-no wpr-equal-height-no e-con e-parent\" data-id=\"6104fe1c\" data-element_type=\"container\" data-e-type=\"container\">\n\t\t\t\t\t<div class=\"e-con-inner\">\n\t\t\t\t<div class=\"elementor-element elementor-element-7eb5cc76 elementor-widget elementor-widget-spacer\" data-id=\"7eb5cc76\" data-element_type=\"widget\" data-e-type=\"widget\" data-widget_type=\"spacer.default\">\n\t\t\t\t<div class=\"elementor-widget-container\">\n\t\t\t\t\t\t\t<div class=\"elementor-spacer\">\n\t\t\t<div class=\"elementor-spacer-inner\"><\/div>\n\t\t<\/div>\n\t\t\t\t\t\t<\/div>\n\t\t\t\t<\/div>\n\t\t\t\t\t<\/div>\n\t\t\t\t<\/div>\n\t\t<div class=\"elementor-element elementor-element-39a339b2 e-flex e-con-boxed wpr-particle-no wpr-jarallax-no wpr-parallax-no wpr-sticky-section-no wpr-column-slider-no wpr-equal-height-no e-con e-parent\" data-id=\"39a339b2\" data-element_type=\"container\" data-e-type=\"container\">\n\t\t\t\t\t<div class=\"e-con-inner\">\n\t\t\t\t<div class=\"elementor-element elementor-element-4d283cbf elementor-widget elementor-widget-heading\" data-id=\"4d283cbf\" data-element_type=\"widget\" data-e-type=\"widget\" data-widget_type=\"heading.default\">\n\t\t\t\t<div class=\"elementor-widget-container\">\n\t\t\t\t\t<h2 class=\"elementor-heading-title elementor-size-default\">Intelig\u00eancia Artificial para Empresas que Querem Crescer com Efici\u00eancia e Inova\u00e7\u00e3o\n<\/h2>\t\t\t\t<\/div>\n\t\t\t\t<\/div>\n\t\t\t\t<div class=\"elementor-element elementor-element-9252cc1 elementor-widget elementor-widget-heading\" data-id=\"9252cc1\" data-element_type=\"widget\" data-e-type=\"widget\" data-widget_type=\"heading.default\">\n\t\t\t\t<div class=\"elementor-widget-container\">\n\t\t\t\t\t<h3 class=\"elementor-heading-title elementor-size-default\">Solu\u00e7\u00f5es em Intelig\u00eancia Artificial Sob Medida para sua Empresa<\/h3>\t\t\t\t<\/div>\n\t\t\t\t<\/div>\n\t\t\t\t<div class=\"elementor-element elementor-element-15f25e9 elementor-widget elementor-widget-text-editor\" data-id=\"15f25e9\" data-element_type=\"widget\" data-e-type=\"widget\" data-widget_type=\"text-editor.default\">\n\t\t\t\t<div class=\"elementor-widget-container\">\n\t\t\t\t\t\t\t\t\t<p data-start=\"345\" data-end=\"663\">A <strong data-start=\"368\" data-end=\"378\">IKARON<\/strong> desenvolve solu\u00e7\u00f5es avan\u00e7adas de <strong data-start=\"412\" data-end=\"444\">Intelig\u00eancia Artificial (IA)<\/strong> para empresas que desejam <strong data-start=\"471\" data-end=\"550\">automatizar processos, prever resultados e tomar decis\u00f5es com mais precis\u00e3o<\/strong>. Nossos projetos unem tecnologia, estrat\u00e9gia e dados para entregar inova\u00e7\u00e3o de verdade \u2014 com seguran\u00e7a, efici\u00eancia e impacto direto no neg\u00f3cio.<\/p>\t\t\t\t\t\t\t\t<\/div>\n\t\t\t\t<\/div>\n\t\t\t\t\t<\/div>\n\t\t\t\t<\/div>\n\t\t<div class=\"elementor-element elementor-element-1eaca6f3 e-flex e-con-boxed wpr-particle-no wpr-jarallax-no wpr-parallax-no wpr-sticky-section-no wpr-column-slider-no wpr-equal-height-no e-con e-parent\" data-id=\"1eaca6f3\" data-element_type=\"container\" data-e-type=\"container\">\n\t\t\t\t\t<div class=\"e-con-inner\">\n\t\t\t\t<div class=\"elementor-element elementor-element-4206f206 elementor-widget elementor-widget-heading\" data-id=\"4206f206\" data-element_type=\"widget\" data-e-type=\"widget\" data-widget_type=\"heading.default\">\n\t\t\t\t<div class=\"elementor-widget-container\">\n\t\t\t\t\t<h2 class=\"elementor-heading-title elementor-size-default\">O que \u00e9 Intelig\u00eancia Artificial ?<\/h2>\t\t\t\t<\/div>\n\t\t\t\t<\/div>\n\t\t\t\t<div class=\"elementor-element elementor-element-56804295 elementor-widget elementor-widget-text-editor\" data-id=\"56804295\" data-element_type=\"widget\" data-e-type=\"widget\" data-widget_type=\"text-editor.default\">\n\t\t\t\t<div class=\"elementor-widget-container\">\n\t\t\t\t\t\t\t\t\t<p data-start=\"743\" data-end=\"971\">Intelig\u00eancia Artificial \u00e9 o campo da tecnologia que permite que sistemas simulem a capacidade humana de aprender, analisar e decidir. A IA transforma grandes volumes de dados em decis\u00f5es autom\u00e1ticas, personalizadas e escal\u00e1veis.<\/p><p data-start=\"973\" data-end=\"1071\">A IKARON aplica IA de forma pr\u00e1tica, com foco em resultados, produtividade e vantagem competitiva.<\/p>\t\t\t\t\t\t\t\t<\/div>\n\t\t\t\t<\/div>\n\t\t\t\t\t<\/div>\n\t\t\t\t<\/div>\n\t\t<div class=\"elementor-element elementor-element-4d56e5f e-flex e-con-boxed wpr-particle-no wpr-jarallax-no wpr-parallax-no wpr-sticky-section-no wpr-column-slider-no wpr-equal-height-no e-con e-parent\" data-id=\"4d56e5f\" data-element_type=\"container\" data-e-type=\"container\">\n\t\t\t\t\t<div class=\"e-con-inner\">\n\t\t\t\t<div class=\"elementor-element elementor-element-d05930d elementor-widget elementor-widget-heading\" data-id=\"d05930d\" data-element_type=\"widget\" data-e-type=\"widget\" data-widget_type=\"heading.default\">\n\t\t\t\t<div class=\"elementor-widget-container\">\n\t\t\t\t\t<h2 class=\"elementor-heading-title elementor-size-default\">Principais Benef\u00edcios da Intelig\u00eancia Artificial para Empresas<\/h2>\t\t\t\t<\/div>\n\t\t\t\t<\/div>\n\t\t\t\t<div class=\"elementor-element elementor-element-f06cabc elementor-widget elementor-widget-text-editor\" data-id=\"f06cabc\" data-element_type=\"widget\" data-e-type=\"widget\" data-widget_type=\"text-editor.default\">\n\t\t\t\t<div class=\"elementor-widget-container\">\n\t\t\t\t\t\t\t\t\t<ul><li data-start=\"1150\" data-end=\"1207\"><p data-start=\"1152\" data-end=\"1207\">\u2699\ufe0f <strong data-start=\"1155\" data-end=\"1205\">Automatiza\u00e7\u00e3o de processos complexos e manuais<\/strong><\/p><\/li><li data-start=\"1208\" data-end=\"1274\"><p data-start=\"1210\" data-end=\"1274\">\ud83d\udcca <strong data-start=\"1213\" data-end=\"1272\">An\u00e1lise e previs\u00e3o com base em grandes volumes de dados<\/strong><\/p><\/li><li data-start=\"1275\" data-end=\"1344\"><p data-start=\"1277\" data-end=\"1344\">\ud83e\udd16 <strong data-start=\"1280\" data-end=\"1342\">Cria\u00e7\u00e3o de assistentes virtuais, bots e sistemas aut\u00f4nomos<\/strong><\/p><\/li><li data-start=\"1345\" data-end=\"1401\"><p data-start=\"1347\" data-end=\"1401\">\ud83d\udcb0 <strong data-start=\"1350\" data-end=\"1399\">Redu\u00e7\u00e3o de custos operacionais e desperd\u00edcios<\/strong><\/p><\/li><li data-start=\"1402\" data-end=\"1467\"><p data-start=\"1404\" data-end=\"1467\">\ud83d\udd0d <strong data-start=\"1407\" data-end=\"1465\">Detec\u00e7\u00e3o de padr\u00f5es, fraudes e anomalias em tempo real<\/strong><\/p><\/li><li data-start=\"1468\" data-end=\"1528\"><p data-start=\"1470\" data-end=\"1528\">\ud83d\ude80 <strong data-start=\"1473\" data-end=\"1528\">Aumento da efici\u00eancia e escalabilidade dos neg\u00f3cios<\/strong><\/p><\/li><\/ul>\t\t\t\t\t\t\t\t<\/div>\n\t\t\t\t<\/div>\n\t\t\t\t\t<\/div>\n\t\t\t\t<\/div>\n\t\t<div class=\"elementor-element elementor-element-15c7dd65 e-flex e-con-boxed wpr-particle-no wpr-jarallax-no wpr-parallax-no wpr-sticky-section-no wpr-column-slider-no wpr-equal-height-no e-con e-parent\" data-id=\"15c7dd65\" data-element_type=\"container\" data-e-type=\"container\">\n\t\t\t\t\t<div class=\"e-con-inner\">\n\t\t\t\t<div class=\"elementor-element elementor-element-36090ae7 elementor-widget elementor-widget-heading\" data-id=\"36090ae7\" data-element_type=\"widget\" data-e-type=\"widget\" data-widget_type=\"heading.default\">\n\t\t\t\t<div class=\"elementor-widget-container\">\n\t\t\t\t\t<h2 class=\"elementor-heading-title elementor-size-default\">Solu\u00e7\u00f5es de Intelig\u00eancia Artificial Desenvolvidas pela IKARON<\/h2>\t\t\t\t<\/div>\n\t\t\t\t<\/div>\n\t\t\t\t<div class=\"elementor-element elementor-element-2cb891ec elementor-widget elementor-widget-text-editor\" data-id=\"2cb891ec\" data-element_type=\"widget\" data-e-type=\"widget\" data-widget_type=\"text-editor.default\">\n\t\t\t\t<div class=\"elementor-widget-container\">\n\t\t\t\t\t\t\t\t\t<ul><li data-start=\"1585\" data-end=\"1659\"><p data-start=\"1587\" data-end=\"1659\"><strong data-start=\"1587\" data-end=\"1657\">Modelos preditivos para vendas, riscos e comportamento de clientes<\/strong><\/p><\/li><li data-start=\"1660\" data-end=\"1723\"><p data-start=\"1662\" data-end=\"1723\"><strong data-start=\"1662\" data-end=\"1721\">Sistemas de recomenda\u00e7\u00e3o e personaliza\u00e7\u00e3o em tempo real<\/strong><\/p><\/li><li data-start=\"1724\" data-end=\"1790\"><p data-start=\"1726\" data-end=\"1790\"><strong data-start=\"1726\" data-end=\"1788\">An\u00e1lise inteligente de documentos e dados n\u00e3o estruturados<\/strong><\/p><\/li><li data-start=\"1791\" data-end=\"1862\"><p data-start=\"1793\" data-end=\"1862\"><strong data-start=\"1793\" data-end=\"1860\">Automa\u00e7\u00e3o com IA para atendimento e relacionamento com clientes<\/strong><\/p><\/li><li data-start=\"1863\" data-end=\"1925\"><p data-start=\"1865\" data-end=\"1925\"><strong data-start=\"1865\" data-end=\"1923\">Reconhecimento de padr\u00f5es e tomada de decis\u00e3o aut\u00f4noma<\/strong><\/p><\/li><li data-start=\"1926\" data-end=\"1977\"><p data-start=\"1928\" data-end=\"1977\"><strong data-start=\"1928\" data-end=\"1977\">Gera\u00e7\u00e3o autom\u00e1tica de relat\u00f3rios estrat\u00e9gicos<\/strong><\/p><\/li><\/ul>\t\t\t\t\t\t\t\t<\/div>\n\t\t\t\t<\/div>\n\t\t\t\t\t<\/div>\n\t\t\t\t<\/div>\n\t\t<div class=\"elementor-element elementor-element-2831951c e-flex e-con-boxed wpr-particle-no wpr-jarallax-no wpr-parallax-no wpr-sticky-section-no wpr-column-slider-no wpr-equal-height-no e-con e-parent\" data-id=\"2831951c\" data-element_type=\"container\" data-e-type=\"container\">\n\t\t\t\t\t<div class=\"e-con-inner\">\n\t\t\t\t<div class=\"elementor-element elementor-element-35b31411 elementor-widget elementor-widget-heading\" data-id=\"35b31411\" data-element_type=\"widget\" data-e-type=\"widget\" data-widget_type=\"heading.default\">\n\t\t\t\t<div class=\"elementor-widget-container\">\n\t\t\t\t\t<h2 class=\"elementor-heading-title elementor-size-default\">Intelig\u00eancia Artificial para Diferentes Segmentos Corporativos<\/h2>\t\t\t\t<\/div>\n\t\t\t\t<\/div>\n\t\t\t\t<div class=\"elementor-element elementor-element-7838ab4d elementor-widget elementor-widget-text-editor\" data-id=\"7838ab4d\" data-element_type=\"widget\" data-e-type=\"widget\" data-widget_type=\"text-editor.default\">\n\t\t\t\t<div class=\"elementor-widget-container\">\n\t\t\t\t\t\t\t\t\t<p data-start=\"2035\" data-end=\"2123\">Nossas solu\u00e7\u00f5es s\u00e3o customizadas para empresas de m\u00e9dio e grande portes em setores como:<\/p><ul data-start=\"2125\" data-end=\"2321\"><li data-start=\"2125\" data-end=\"2161\"><p data-start=\"2127\" data-end=\"2161\"><strong data-start=\"2127\" data-end=\"2159\">Mercado Financeiro e Seguros<\/strong><\/p><\/li><li data-start=\"2162\" data-end=\"2213\"><p data-start=\"2164\" data-end=\"2213\"><strong data-start=\"2164\" data-end=\"2211\">Ind\u00fastria, Agroneg\u00f3cio e Cadeias Log\u00edsticas<\/strong><\/p><\/li><li data-start=\"2214\" data-end=\"2243\"><p data-start=\"2216\" data-end=\"2243\"><strong data-start=\"2216\" data-end=\"2241\">Startups e Tecnologia<\/strong><\/p><\/li><li data-start=\"2244\" data-end=\"2279\"><p data-start=\"2246\" data-end=\"2279\"><strong data-start=\"2246\" data-end=\"2277\">Sa\u00fade, Hospitais e Cl\u00ednicas<\/strong><\/p><\/li><li data-start=\"2280\" data-end=\"2321\"><p data-start=\"2282\" data-end=\"2321\"><strong data-start=\"2282\" data-end=\"2321\">Educa\u00e7\u00e3o, Telecomunica\u00e7\u00f5es e Varejo<\/strong><\/p><\/li><\/ul>\t\t\t\t\t\t\t\t<\/div>\n\t\t\t\t<\/div>\n\t\t\t\t\t<\/div>\n\t\t\t\t<\/div>\n\t\t<div class=\"elementor-element elementor-element-7289568b e-flex e-con-boxed wpr-particle-no wpr-jarallax-no wpr-parallax-no wpr-sticky-section-no wpr-column-slider-no wpr-equal-height-no e-con e-parent\" data-id=\"7289568b\" data-element_type=\"container\" data-e-type=\"container\">\n\t\t\t\t\t<div class=\"e-con-inner\">\n\t\t\t\t<div class=\"elementor-element elementor-element-594bb776 elementor-widget elementor-widget-heading\" data-id=\"594bb776\" data-element_type=\"widget\" data-e-type=\"widget\" data-widget_type=\"heading.default\">\n\t\t\t\t<div class=\"elementor-widget-container\">\n\t\t\t\t\t<h2 class=\"elementor-heading-title elementor-size-default\">Por que escolher a IKARON ?<\/h2>\t\t\t\t<\/div>\n\t\t\t\t<\/div>\n\t\t\t\t<div class=\"elementor-element elementor-element-b0d28f4 elementor-widget elementor-widget-text-editor\" data-id=\"b0d28f4\" data-element_type=\"widget\" data-e-type=\"widget\" data-widget_type=\"text-editor.default\">\n\t\t\t\t<div class=\"elementor-widget-container\">\n\t\t\t\t\t\t\t\t\t<p>\ud83e\udde0 <strong data-start=\"2367\" data-end=\"2404\">IA aplicada com foco em resultado<\/strong>: n\u00e3o vendemos promessas, entregamos valor real.<br data-start=\"2452\" data-end=\"2455\" \/>\ud83d\udd12 <strong data-start=\"2458\" data-end=\"2506\">Seguran\u00e7a e responsabilidade no uso de dados<\/strong>: conformidade com LGPD e padr\u00f5es internacionais.<br data-start=\"2555\" data-end=\"2558\" \/>\ud83c\udfaf <strong data-start=\"2561\" data-end=\"2588\">Projetos personalizados<\/strong>: desenvolvemos solu\u00e7\u00f5es que se adaptam \u00e0 sua opera\u00e7\u00e3o.<br data-start=\"2643\" data-end=\"2646\" \/>\ud83d\udcc8 <strong data-start=\"2649\" data-end=\"2677\">Inova\u00e7\u00e3o com performance<\/strong>: aceleramos a transforma\u00e7\u00e3o digital da sua empresa.<\/p>\t\t\t\t\t\t\t\t<\/div>\n\t\t\t\t<\/div>\n\t\t\t\t\t<\/div>\n\t\t\t\t<\/div>\n\t\t<div class=\"elementor-element elementor-element-79b79957 e-flex e-con-boxed wpr-particle-no wpr-jarallax-no wpr-parallax-no wpr-sticky-section-no wpr-column-slider-no wpr-equal-height-no e-con e-parent\" data-id=\"79b79957\" data-element_type=\"container\" data-e-type=\"container\">\n\t\t\t\t\t<div class=\"e-con-inner\">\n\t\t\t\t<div class=\"elementor-element elementor-element-11547ef4 elementor-widget elementor-widget-heading\" data-id=\"11547ef4\" data-element_type=\"widget\" data-e-type=\"widget\" data-widget_type=\"heading.default\">\n\t\t\t\t<div class=\"elementor-widget-container\">\n\t\t\t\t\t<h2 class=\"elementor-heading-title elementor-size-default\">Comece a Usar Intelig\u00eancia Artificial com a IKARON<\/h2>\t\t\t\t<\/div>\n\t\t\t\t<\/div>\n\t\t\t\t<div class=\"elementor-element elementor-element-93205ab elementor-widget elementor-widget-text-editor\" data-id=\"93205ab\" data-element_type=\"widget\" data-e-type=\"widget\" data-widget_type=\"text-editor.default\">\n\t\t\t\t<div class=\"elementor-widget-container\">\n\t\t\t\t\t\t\t\t\t<p data-start=\"2613\" data-end=\"2829\">A revolu\u00e7\u00e3o digital j\u00e1 come\u00e7ou \u2014 e sua empresa precisa agir agora para n\u00e3o ficar para tr\u00e1s. Com a IKARON, voc\u00ea transforma IA em a\u00e7\u00e3o, resultado e crescimento.<\/p><h3 data-start=\"2831\" data-end=\"2917\"><a href=\"https:\/\/ikaron.com.br\/site\/contato\/\">\ud83d\udcde <strong data-start=\"2834\" data-end=\"2867\">Fale com nossos especialistas<\/strong><\/a><\/h3>\t\t\t\t\t\t\t\t<\/div>\n\t\t\t\t<\/div>\n\t\t\t\t\t<\/div>\n\t\t\t\t<\/div>\n\t\t<div class=\"elementor-element elementor-element-6a7c76 e-flex e-con-boxed wpr-particle-no wpr-jarallax-no wpr-parallax-no wpr-sticky-section-no wpr-column-slider-no wpr-equal-height-no e-con e-parent\" data-id=\"6a7c76\" data-element_type=\"container\" data-e-type=\"container\">\n\t\t\t\t\t<div class=\"e-con-inner\">\n\t\t\t\t<div class=\"elementor-element elementor-element-7b411e05 elementor-widget elementor-widget-heading\" data-id=\"7b411e05\" data-element_type=\"widget\" data-e-type=\"widget\" data-widget_type=\"heading.default\">\n\t\t\t\t<div class=\"elementor-widget-container\">\n\t\t\t\t\t<h2 class=\"elementor-heading-title elementor-size-default\">Links<\/h2>\t\t\t\t<\/div>\n\t\t\t\t<\/div>\n\t\t\t\t<div class=\"elementor-element elementor-element-5e363de7 elementor-widget elementor-widget-text-editor\" data-id=\"5e363de7\" data-element_type=\"widget\" data-e-type=\"widget\" data-widget_type=\"text-editor.default\">\n\t\t\t\t<div class=\"elementor-widget-container\">\n\t\t\t\t\t\t\t\t\t<p><a href=\"https:\/\/ikaron.com.br\/site\/servicos\/\">Conhe\u00e7a nossos outros servi\u00e7os.<\/a><\/p><p><a href=\"https:\/\/www.ibm.com\/br-pt\/think\/topics\/artificial-intelligence\" target=\"_blank\" rel=\"noopener\">Saiba mais sobre Intelig\u00eancia Artificial (IBM \u2013 em portugu\u00eas)<\/a><\/p>\t\t\t\t\t\t\t\t<\/div>\n\t\t\t\t<\/div>\n\t\t\t\t\t<\/div>\n\t\t\t\t<\/div>\n\t\t<div class=\"elementor-element elementor-element-156bdca e-flex e-con-boxed wpr-particle-no wpr-jarallax-no wpr-parallax-no wpr-sticky-section-no wpr-column-slider-no wpr-equal-height-no e-con e-parent\" data-id=\"156bdca\" data-element_type=\"container\" data-e-type=\"container\">\n\t\t\t\t\t<div class=\"e-con-inner\">\n\t\t\t\t<div class=\"elementor-element elementor-element-b2d0017 elementor-widget elementor-widget-heading\" data-id=\"b2d0017\" data-element_type=\"widget\" data-e-type=\"widget\" data-widget_type=\"heading.default\">\n\t\t\t\t<div class=\"elementor-widget-container\">\n\t\t\t\t\t<h2 class=\"elementor-heading-title elementor-size-default\">PALAVRAS-CHAVE (SEO)<\/h2>\t\t\t\t<\/div>\n\t\t\t\t<\/div>\n\t\t\t\t<div class=\"elementor-element elementor-element-4d9be77 elementor-widget elementor-widget-text-editor\" data-id=\"4d9be77\" data-element_type=\"widget\" data-e-type=\"widget\" data-widget_type=\"text-editor.default\">\n\t\t\t\t<div class=\"elementor-widget-container\">\n\t\t\t\t\t\t\t\t\t<p>intelig\u00eancia artificial para empresas, solu\u00e7\u00f5es de IA, automa\u00e7\u00e3o com intelig\u00eancia artificial, IA corporativa, intelig\u00eancia artificial no setor financeiro, IA em sa\u00fade e ind\u00fastria, modelos preditivos com IA, consultoria em intelig\u00eancia artificial, IA para neg\u00f3cios, projetos de intelig\u00eancia artificial empresarial<\/p>\t\t\t\t\t\t\t\t<\/div>\n\t\t\t\t<\/div>\n\t\t\t\t\t<\/div>\n\t\t\t\t<\/div>\n\t\t\t\t<\/div>\n\t\t","protected":false},"excerpt":{"rendered":"<p>Intelig\u00eancia Artificial (Artificial Intelligence) Intelig\u00eancia Artificial para Empresas que Querem Crescer com Efici\u00eancia e Inova\u00e7\u00e3o Solu\u00e7\u00f5es em Intelig\u00eancia Artificial Sob Medida para sua Empresa A IKARON desenvolve solu\u00e7\u00f5es avan\u00e7adas de Intelig\u00eancia Artificial (IA) para empresas que desejam automatizar processos, prever resultados e tomar decis\u00f5es com mais precis\u00e3o. Nossos projetos unem tecnologia, estrat\u00e9gia e dados para entregar inova\u00e7\u00e3o de verdade \u2014<\/p>\n","protected":false},"author":1,"featured_media":0,"parent":0,"menu_order":0,"comment_status":"closed","ping_status":"closed","template":"elementor_header_footer","meta":{"_monsterinsights_skip_tracking":false,"_monsterinsights_sitenote_active":false,"_monsterinsights_sitenote_note":"","_monsterinsights_sitenote_category":0,"footnotes":""},"class_list":["post-1933","page","type-page","status-publish","hentry"],"_links":{"self":[{"href":"https:\/\/ikaron.com.br\/site\/wp-json\/wp\/v2\/pages\/1933","targetHints":{"allow":["GET"]}}],"collection":[{"href":"https:\/\/ikaron.com.br\/site\/wp-json\/wp\/v2\/pages"}],"about":[{"href":"https:\/\/ikaron.com.br\/site\/wp-json\/wp\/v2\/types\/page"}],"author":[{"embeddable":true,"href":"https:\/\/ikaron.com.br\/site\/wp-json\/wp\/v2\/users\/1"}],"replies":[{"embeddable":true,"href":"https:\/\/ikaron.com.br\/site\/wp-json\/wp\/v2\/comments?post=1933"}],"version-history":[{"count":5,"href":"https:\/\/ikaron.com.br\/site\/wp-json\/wp\/v2\/pages\/1933\/revisions"}],"predecessor-version":[{"id":2377,"href":"https:\/\/ikaron.com.br\/site\/wp-json\/wp\/v2\/pages\/1933\/revisions\/2377"}],"wp:attachment":[{"href":"https:\/\/ikaron.com.br\/site\/wp-json\/wp\/v2\/media?parent=1933"}],"curies":[{"name":"wp","href":"https:\/\/api.w.org\/{rel}","templated":true}]}}