{"id":1950,"date":"2025-06-23T16:48:12","date_gmt":"2025-06-23T19:48:12","guid":{"rendered":"https:\/\/ikaron.com.br\/site\/?page_id=1950"},"modified":"2025-06-24T12:35:26","modified_gmt":"2025-06-24T15:35:26","slug":"machine-learning","status":"publish","type":"page","link":"https:\/\/ikaron.com.br\/site\/machine-learning\/","title":{"rendered":"Machine learning"},"content":{"rendered":"\t\t<div data-elementor-type=\"wp-page\" data-elementor-id=\"1950\" class=\"elementor elementor-1950\">\n\t\t\t\t\t\t<section class=\"elementor-section elementor-top-section elementor-element elementor-element-60c97b46 elementor-section-boxed elementor-section-height-default elementor-section-height-default wpr-particle-no wpr-jarallax-no wpr-parallax-no wpr-sticky-section-no wpr-column-slider-no wpr-equal-height-no\" data-id=\"60c97b46\" data-element_type=\"section\" data-e-type=\"section\" data-settings=\"{&quot;background_background&quot;:&quot;classic&quot;}\">\n\t\t\t\t\t\t\t<div class=\"elementor-background-overlay\"><\/div>\n\t\t\t\t\t\t\t<div class=\"elementor-container elementor-column-gap-default\">\n\t\t\t\t\t<div class=\"elementor-column elementor-col-100 elementor-top-column elementor-element elementor-element-6348b98b\" data-id=\"6348b98b\" data-element_type=\"column\" data-e-type=\"column\">\n\t\t\t<div class=\"elementor-widget-wrap elementor-element-populated\">\n\t\t\t\t\t\t<div class=\"elementor-element elementor-element-2dd0d759 elementor-widget elementor-widget-heading\" data-id=\"2dd0d759\" data-element_type=\"widget\" data-e-type=\"widget\" data-widget_type=\"heading.default\">\n\t\t\t\t<div class=\"elementor-widget-container\">\n\t\t\t\t\t<h2 class=\"elementor-heading-title elementor-size-default\">Machine Learning<\/h2>\t\t\t\t<\/div>\n\t\t\t\t<\/div>\n\t\t\t\t\t<\/div>\n\t\t<\/div>\n\t\t\t\t\t<\/div>\n\t\t<\/section>\n\t\t<div class=\"elementor-element elementor-element-2a953012 e-flex e-con-boxed wpr-particle-no wpr-jarallax-no wpr-parallax-no wpr-sticky-section-no wpr-column-slider-no wpr-equal-height-no e-con e-parent\" data-id=\"2a953012\" data-element_type=\"container\" data-e-type=\"container\">\n\t\t\t\t\t<div class=\"e-con-inner\">\n\t\t\t\t<div class=\"elementor-element elementor-element-5610edb2 elementor-widget elementor-widget-spacer\" data-id=\"5610edb2\" data-element_type=\"widget\" data-e-type=\"widget\" data-widget_type=\"spacer.default\">\n\t\t\t\t<div class=\"elementor-widget-container\">\n\t\t\t\t\t\t\t<div class=\"elementor-spacer\">\n\t\t\t<div class=\"elementor-spacer-inner\"><\/div>\n\t\t<\/div>\n\t\t\t\t\t\t<\/div>\n\t\t\t\t<\/div>\n\t\t\t\t\t<\/div>\n\t\t\t\t<\/div>\n\t\t<div class=\"elementor-element elementor-element-580e50e8 e-flex e-con-boxed wpr-particle-no wpr-jarallax-no wpr-parallax-no wpr-sticky-section-no wpr-column-slider-no wpr-equal-height-no e-con e-parent\" data-id=\"580e50e8\" data-element_type=\"container\" data-e-type=\"container\">\n\t\t\t\t\t<div class=\"e-con-inner\">\n\t\t\t\t<div class=\"elementor-element elementor-element-45488527 elementor-widget elementor-widget-heading\" data-id=\"45488527\" data-element_type=\"widget\" data-e-type=\"widget\" data-widget_type=\"heading.default\">\n\t\t\t\t<div class=\"elementor-widget-container\">\n\t\t\t\t\t<h2 class=\"elementor-heading-title elementor-size-default\">Machine Learning para Empresas que Querem Prever, Aprender e Crescer com Intelig\u00eancia<\/h2>\t\t\t\t<\/div>\n\t\t\t\t<\/div>\n\t\t\t\t<div class=\"elementor-element elementor-element-36bbbf22 elementor-widget elementor-widget-heading\" data-id=\"36bbbf22\" data-element_type=\"widget\" data-e-type=\"widget\" data-widget_type=\"heading.default\">\n\t\t\t\t<div class=\"elementor-widget-container\">\n\t\t\t\t\t<h3 class=\"elementor-heading-title elementor-size-default\">Solu\u00e7\u00f5es Inteligentes de Machine Learning para Tomada de Decis\u00e3o Baseada em Dados<\/h3>\t\t\t\t<\/div>\n\t\t\t\t<\/div>\n\t\t\t\t<div class=\"elementor-element elementor-element-b142c1a elementor-widget elementor-widget-text-editor\" data-id=\"b142c1a\" data-element_type=\"widget\" data-e-type=\"widget\" data-widget_type=\"text-editor.default\">\n\t\t\t\t<div class=\"elementor-widget-container\">\n\t\t\t\t\t\t\t\t\t<p>Na <strong data-start=\"366\" data-end=\"376\">IKARON<\/strong>, desenvolvemos projetos de <strong data-start=\"404\" data-end=\"449\">Machine Learning (Aprendizado de M\u00e1quina)<\/strong> que transformam dados em decis\u00f5es automatizadas, previs\u00f5es precisas e oportunidades reais de crescimento. Atuamos com solu\u00e7\u00f5es personalizadas para empresas de m\u00e9dio e grande portes que querem acelerar sua transforma\u00e7\u00e3o digital com intelig\u00eancia.<\/p>\t\t\t\t\t\t\t\t<\/div>\n\t\t\t\t<\/div>\n\t\t\t\t\t<\/div>\n\t\t\t\t<\/div>\n\t\t<div class=\"elementor-element elementor-element-7860d7a2 e-flex e-con-boxed wpr-particle-no wpr-jarallax-no wpr-parallax-no wpr-sticky-section-no wpr-column-slider-no wpr-equal-height-no e-con e-parent\" data-id=\"7860d7a2\" data-element_type=\"container\" data-e-type=\"container\">\n\t\t\t\t\t<div class=\"e-con-inner\">\n\t\t\t\t<div class=\"elementor-element elementor-element-1922f8f4 elementor-widget elementor-widget-heading\" data-id=\"1922f8f4\" data-element_type=\"widget\" data-e-type=\"widget\" data-widget_type=\"heading.default\">\n\t\t\t\t<div class=\"elementor-widget-container\">\n\t\t\t\t\t<h2 class=\"elementor-heading-title elementor-size-default\">O que \u00e9 Machine Learning ?<\/h2>\t\t\t\t<\/div>\n\t\t\t\t<\/div>\n\t\t\t\t<div class=\"elementor-element elementor-element-44e63387 elementor-widget elementor-widget-text-editor\" data-id=\"44e63387\" data-element_type=\"widget\" data-e-type=\"widget\" data-widget_type=\"text-editor.default\">\n\t\t\t\t<div class=\"elementor-widget-container\">\n\t\t\t\t\t\t\t\t\t<p data-start=\"736\" data-end=\"1025\">Machine Learning \u00e9 uma tecnologia que permite que sistemas aprendam com dados e melhorem seu desempenho ao longo do tempo, sem depender de programa\u00e7\u00e3o manual para cada decis\u00e3o. Ele detecta padr\u00f5es, antecipa comportamentos e ajusta respostas automaticamente \u2014 com precis\u00e3o e escalabilidade.<\/p><p data-start=\"1027\" data-end=\"1180\">Na pr\u00e1tica, o Machine Learning possibilita que sua empresa tome decis\u00f5es <strong data-start=\"1100\" data-end=\"1136\">baseadas em previs\u00f5es confi\u00e1veis<\/strong>, com mais agilidade, autonomia e seguran\u00e7a.<\/p>\t\t\t\t\t\t\t\t<\/div>\n\t\t\t\t<\/div>\n\t\t\t\t\t<\/div>\n\t\t\t\t<\/div>\n\t\t<div class=\"elementor-element elementor-element-4dfe0e23 e-flex e-con-boxed wpr-particle-no wpr-jarallax-no wpr-parallax-no wpr-sticky-section-no wpr-column-slider-no wpr-equal-height-no e-con e-parent\" data-id=\"4dfe0e23\" data-element_type=\"container\" data-e-type=\"container\">\n\t\t\t\t\t<div class=\"e-con-inner\">\n\t\t\t\t<div class=\"elementor-element elementor-element-79a10393 elementor-widget elementor-widget-heading\" data-id=\"79a10393\" data-element_type=\"widget\" data-e-type=\"widget\" data-widget_type=\"heading.default\">\n\t\t\t\t<div class=\"elementor-widget-container\">\n\t\t\t\t\t<h2 class=\"elementor-heading-title elementor-size-default\">Vantagens do Machine Learning para o seu Neg\u00f3cio<\/h2>\t\t\t\t<\/div>\n\t\t\t\t<\/div>\n\t\t\t\t<div class=\"elementor-element elementor-element-2a3850f1 elementor-widget elementor-widget-text-editor\" data-id=\"2a3850f1\" data-element_type=\"widget\" data-e-type=\"widget\" data-widget_type=\"text-editor.default\">\n\t\t\t\t<div class=\"elementor-widget-container\">\n\t\t\t\t\t\t\t\t\t<ul><li data-start=\"1245\" data-end=\"1315\"><p data-start=\"1247\" data-end=\"1315\">\ud83d\udcc8 <strong data-start=\"1250\" data-end=\"1313\">Modelos preditivos para vendas, churn, inadimpl\u00eancia e mais<\/strong><\/p><\/li><li data-start=\"1316\" data-end=\"1380\"><p data-start=\"1318\" data-end=\"1380\">\ud83d\udd0d <strong data-start=\"1321\" data-end=\"1378\">Detec\u00e7\u00e3o de fraudes, falhas e anomalias em tempo real<\/strong><\/p><\/li><li data-start=\"1381\" data-end=\"1436\"><p data-start=\"1383\" data-end=\"1436\">\ud83e\udde0 <strong data-start=\"1386\" data-end=\"1434\">Aprendizado cont\u00ednuo com base em novos dados<\/strong><\/p><\/li><li data-start=\"1437\" data-end=\"1503\"><p data-start=\"1439\" data-end=\"1503\">\ud83d\udee0\ufe0f <strong data-start=\"1443\" data-end=\"1501\">Automatiza\u00e7\u00e3o de processos com intelig\u00eancia adaptativa<\/strong><\/p><\/li><li data-start=\"1504\" data-end=\"1569\"><p data-start=\"1506\" data-end=\"1569\">\ud83d\udcca <strong data-start=\"1509\" data-end=\"1567\">An\u00e1lises avan\u00e7adas com alto volume de dados (Big Data)<\/strong><\/p><\/li><li data-start=\"1570\" data-end=\"1632\"><p data-start=\"1572\" data-end=\"1632\">\ud83d\udca1 <strong data-start=\"1575\" data-end=\"1632\">Recomenda\u00e7\u00f5es personalizadas para clientes e usu\u00e1rios<\/strong><\/p><\/li><\/ul>\t\t\t\t\t\t\t\t<\/div>\n\t\t\t\t<\/div>\n\t\t\t\t\t<\/div>\n\t\t\t\t<\/div>\n\t\t<div class=\"elementor-element elementor-element-195284ce e-flex e-con-boxed wpr-particle-no wpr-jarallax-no wpr-parallax-no wpr-sticky-section-no wpr-column-slider-no wpr-equal-height-no e-con e-parent\" data-id=\"195284ce\" data-element_type=\"container\" data-e-type=\"container\">\n\t\t\t\t\t<div class=\"e-con-inner\">\n\t\t\t\t<div class=\"elementor-element elementor-element-2e6d2603 elementor-widget elementor-widget-heading\" data-id=\"2e6d2603\" data-element_type=\"widget\" data-e-type=\"widget\" data-widget_type=\"heading.default\">\n\t\t\t\t<div class=\"elementor-widget-container\">\n\t\t\t\t\t<h2 class=\"elementor-heading-title elementor-size-default\">Aplica\u00e7\u00f5es Reais de Machine Learning pela IKARON<\/h2>\t\t\t\t<\/div>\n\t\t\t\t<\/div>\n\t\t\t\t<div class=\"elementor-element elementor-element-43c6ad7c elementor-widget elementor-widget-text-editor\" data-id=\"43c6ad7c\" data-element_type=\"widget\" data-e-type=\"widget\" data-widget_type=\"text-editor.default\">\n\t\t\t\t<div class=\"elementor-widget-container\">\n\t\t\t\t\t\t\t\t\t<ul data-start=\"1697\" data-end=\"2115\"><li data-start=\"1697\" data-end=\"1764\"><p data-start=\"1699\" data-end=\"1764\"><strong data-start=\"1699\" data-end=\"1762\">Previs\u00e3o de demanda, produ\u00e7\u00e3o e comportamento do consumidor<\/strong><\/p><\/li><li data-start=\"1765\" data-end=\"1827\"><p data-start=\"1767\" data-end=\"1827\"><strong data-start=\"1767\" data-end=\"1825\">An\u00e1lise de cr\u00e9dito com modelos de risco personalizados<\/strong><\/p><\/li><li data-start=\"1828\" data-end=\"1895\"><p data-start=\"1830\" data-end=\"1895\"><strong data-start=\"1830\" data-end=\"1893\">Otimiza\u00e7\u00e3o de rotas e log\u00edstica baseada em dados hist\u00f3ricos<\/strong><\/p><\/li><li data-start=\"1896\" data-end=\"1971\"><p data-start=\"1898\" data-end=\"1971\"><strong data-start=\"1898\" data-end=\"1969\">Segmenta\u00e7\u00e3o autom\u00e1tica de clientes e cria\u00e7\u00e3o de perfis inteligentes<\/strong><\/p><\/li><li data-start=\"1972\" data-end=\"2045\"><p data-start=\"1974\" data-end=\"2045\"><strong data-start=\"1974\" data-end=\"2043\">Reconhecimento de padr\u00f5es em exames m\u00e9dicos, imagens e documentos<\/strong><\/p><\/li><li data-start=\"2046\" data-end=\"2115\"><p data-start=\"2048\" data-end=\"2115\"><strong data-start=\"2048\" data-end=\"2115\">Sistemas de recomenda\u00e7\u00e3o para e-commerce e plataformas digitais<\/strong><\/p><\/li><\/ul>\t\t\t\t\t\t\t\t<\/div>\n\t\t\t\t<\/div>\n\t\t\t\t\t<\/div>\n\t\t\t\t<\/div>\n\t\t<div class=\"elementor-element elementor-element-2675f1c6 e-flex e-con-boxed wpr-particle-no wpr-jarallax-no wpr-parallax-no wpr-sticky-section-no wpr-column-slider-no wpr-equal-height-no e-con e-parent\" data-id=\"2675f1c6\" data-element_type=\"container\" data-e-type=\"container\">\n\t\t\t\t\t<div class=\"e-con-inner\">\n\t\t\t\t<div class=\"elementor-element elementor-element-13ee25f8 elementor-widget elementor-widget-heading\" data-id=\"13ee25f8\" data-element_type=\"widget\" data-e-type=\"widget\" data-widget_type=\"heading.default\">\n\t\t\t\t<div class=\"elementor-widget-container\">\n\t\t\t\t\t<h2 class=\"elementor-heading-title elementor-size-default\">Setores Atendidos com Solu\u00e7\u00f5es de Machine Learning<\/h2>\t\t\t\t<\/div>\n\t\t\t\t<\/div>\n\t\t\t\t<div class=\"elementor-element elementor-element-37bc3e4 elementor-widget elementor-widget-text-editor\" data-id=\"37bc3e4\" data-element_type=\"widget\" data-e-type=\"widget\" data-widget_type=\"text-editor.default\">\n\t\t\t\t<div class=\"elementor-widget-container\">\n\t\t\t\t\t\t\t\t\t<p data-start=\"2182\" data-end=\"2274\">Trabalhamos com empresas de setores estrat\u00e9gicos que exigem precis\u00e3o, efici\u00eancia e inova\u00e7\u00e3o:<\/p><ul data-start=\"2276\" data-end=\"2449\"><li data-start=\"2276\" data-end=\"2305\"><p data-start=\"2278\" data-end=\"2305\"><strong data-start=\"2278\" data-end=\"2303\">Financeiro e Banc\u00e1rio<\/strong><\/p><\/li><li data-start=\"2306\" data-end=\"2335\"><p data-start=\"2308\" data-end=\"2335\"><strong data-start=\"2308\" data-end=\"2333\">Ind\u00fastria e Log\u00edstica<\/strong><\/p><\/li><li data-start=\"2336\" data-end=\"2365\"><p data-start=\"2338\" data-end=\"2365\"><strong data-start=\"2338\" data-end=\"2363\">Startups e Tecnologia<\/strong><\/p><\/li><li data-start=\"2366\" data-end=\"2404\"><p data-start=\"2368\" data-end=\"2404\"><strong data-start=\"2368\" data-end=\"2402\">Sa\u00fade e Diagn\u00f3stico por Imagem<\/strong><\/p><\/li><li data-start=\"2405\" data-end=\"2449\"><p data-start=\"2407\" data-end=\"2449\"><strong data-start=\"2407\" data-end=\"2449\">Varejo, E-commerce e Servi\u00e7os Digitais<\/strong><\/p><\/li><\/ul>\t\t\t\t\t\t\t\t<\/div>\n\t\t\t\t<\/div>\n\t\t\t\t\t<\/div>\n\t\t\t\t<\/div>\n\t\t<div class=\"elementor-element elementor-element-af393b2 e-flex e-con-boxed wpr-particle-no wpr-jarallax-no wpr-parallax-no wpr-sticky-section-no wpr-column-slider-no wpr-equal-height-no e-con e-parent\" data-id=\"af393b2\" data-element_type=\"container\" data-e-type=\"container\">\n\t\t\t\t\t<div class=\"e-con-inner\">\n\t\t\t\t<div class=\"elementor-element elementor-element-10de4362 elementor-widget elementor-widget-heading\" data-id=\"10de4362\" data-element_type=\"widget\" data-e-type=\"widget\" data-widget_type=\"heading.default\">\n\t\t\t\t<div class=\"elementor-widget-container\">\n\t\t\t\t\t<h2 class=\"elementor-heading-title elementor-size-default\">Por que a IKARON \u00e9 sua Parceira em Machine Learning ?<\/h2>\t\t\t\t<\/div>\n\t\t\t\t<\/div>\n\t\t\t\t<div class=\"elementor-element elementor-element-390e9857 elementor-widget elementor-widget-text-editor\" data-id=\"390e9857\" data-element_type=\"widget\" data-e-type=\"widget\" data-widget_type=\"text-editor.default\">\n\t\t\t\t<div class=\"elementor-widget-container\">\n\t\t\t\t\t\t\t\t\t<p>\ud83d\ude80 <strong data-start=\"2521\" data-end=\"2556\">Foco em resultado e performance<\/strong>: Criamos modelos que entregam valor real ao neg\u00f3cio.<br data-start=\"2609\" data-end=\"2612\" \/>\ud83d\udd10 <strong data-start=\"2615\" data-end=\"2654\">Seguran\u00e7a e \u00e9tica em primeiro lugar<\/strong>: Uso respons\u00e1vel e protegido dos dados.<br data-start=\"2694\" data-end=\"2697\" \/>\ud83d\udccc <strong data-start=\"2700\" data-end=\"2723\">Solu\u00e7\u00f5es sob medida<\/strong>: Cada projeto \u00e9 adaptado \u00e0 sua realidade operacional.<br data-start=\"2777\" data-end=\"2780\" \/>\ud83d\udcc8 <strong data-start=\"2783\" data-end=\"2811\">Escalabilidade garantida<\/strong>: Nossa tecnologia cresce com a sua empresa.<\/p>\t\t\t\t\t\t\t\t<\/div>\n\t\t\t\t<\/div>\n\t\t\t\t\t<\/div>\n\t\t\t\t<\/div>\n\t\t<div class=\"elementor-element elementor-element-3d920367 e-flex e-con-boxed wpr-particle-no wpr-jarallax-no wpr-parallax-no wpr-sticky-section-no wpr-column-slider-no wpr-equal-height-no e-con e-parent\" data-id=\"3d920367\" data-element_type=\"container\" data-e-type=\"container\">\n\t\t\t\t\t<div class=\"e-con-inner\">\n\t\t\t\t<div class=\"elementor-element elementor-element-28376723 elementor-widget elementor-widget-heading\" data-id=\"28376723\" data-element_type=\"widget\" data-e-type=\"widget\" data-widget_type=\"heading.default\">\n\t\t\t\t<div class=\"elementor-widget-container\">\n\t\t\t\t\t<h2 class=\"elementor-heading-title elementor-size-default\">Sua Empresa Est\u00e1 Pronta para Prever o Futuro com Machine Learning ?<\/h2>\t\t\t\t<\/div>\n\t\t\t\t<\/div>\n\t\t\t\t<div class=\"elementor-element elementor-element-2e4fe77d elementor-widget elementor-widget-text-editor\" data-id=\"2e4fe77d\" data-element_type=\"widget\" data-e-type=\"widget\" data-widget_type=\"text-editor.default\">\n\t\t\t\t<div class=\"elementor-widget-container\">\n\t\t\t\t\t\t\t\t\t<p data-start=\"2613\" data-end=\"2829\">Com a IKARON, voc\u00ea transforma dados em a\u00e7\u00e3o. Descubra como aplicar Machine Learning para resolver problemas reais, antecipar cen\u00e1rios e aumentar a competitividade do seu neg\u00f3cio.<\/p><h3 data-start=\"2831\" data-end=\"2917\"><a href=\"https:\/\/ikaron.com.br\/site\/contato\/\">\ud83d\udcde <strong data-start=\"2834\" data-end=\"2867\">Fale com nossos especialistas<\/strong><\/a><\/h3>\t\t\t\t\t\t\t\t<\/div>\n\t\t\t\t<\/div>\n\t\t\t\t\t<\/div>\n\t\t\t\t<\/div>\n\t\t<div class=\"elementor-element elementor-element-508a0f36 e-flex e-con-boxed wpr-particle-no wpr-jarallax-no wpr-parallax-no wpr-sticky-section-no wpr-column-slider-no wpr-equal-height-no e-con e-parent\" data-id=\"508a0f36\" data-element_type=\"container\" data-e-type=\"container\">\n\t\t\t\t\t<div class=\"e-con-inner\">\n\t\t\t\t<div class=\"elementor-element elementor-element-776c36f1 elementor-widget elementor-widget-heading\" data-id=\"776c36f1\" data-element_type=\"widget\" data-e-type=\"widget\" data-widget_type=\"heading.default\">\n\t\t\t\t<div class=\"elementor-widget-container\">\n\t\t\t\t\t<h2 class=\"elementor-heading-title elementor-size-default\">Links<\/h2>\t\t\t\t<\/div>\n\t\t\t\t<\/div>\n\t\t\t\t<div class=\"elementor-element elementor-element-6c5ebe3b elementor-widget elementor-widget-text-editor\" data-id=\"6c5ebe3b\" data-element_type=\"widget\" data-e-type=\"widget\" data-widget_type=\"text-editor.default\">\n\t\t\t\t<div class=\"elementor-widget-container\">\n\t\t\t\t\t\t\t\t\t<p><a href=\"https:\/\/ikaron.com.br\/site\/servicos\/\">Conhe\u00e7a nossos outros servi\u00e7os.<\/a><\/p><p><a href=\"https:\/\/www.ibm.com\/br-pt\/think\/topics\/machine-learning\" target=\"_blank\" rel=\"noopener\">Saiba mais sobre Machine Learning (IBM \u2013 em portugu\u00eas)<\/a><\/p>\t\t\t\t\t\t\t\t<\/div>\n\t\t\t\t<\/div>\n\t\t\t\t\t<\/div>\n\t\t\t\t<\/div>\n\t\t<div class=\"elementor-element elementor-element-7e6e8383 e-flex e-con-boxed wpr-particle-no wpr-jarallax-no wpr-parallax-no wpr-sticky-section-no wpr-column-slider-no wpr-equal-height-no e-con e-parent\" data-id=\"7e6e8383\" data-element_type=\"container\" data-e-type=\"container\">\n\t\t\t\t\t<div class=\"e-con-inner\">\n\t\t\t\t<div class=\"elementor-element elementor-element-334d5aa5 elementor-widget elementor-widget-heading\" data-id=\"334d5aa5\" data-element_type=\"widget\" data-e-type=\"widget\" data-widget_type=\"heading.default\">\n\t\t\t\t<div class=\"elementor-widget-container\">\n\t\t\t\t\t<h2 class=\"elementor-heading-title elementor-size-default\">PALAVRAS-CHAVE (SEO)<\/h2>\t\t\t\t<\/div>\n\t\t\t\t<\/div>\n\t\t\t\t<div class=\"elementor-element elementor-element-4279576b elementor-widget elementor-widget-text-editor\" data-id=\"4279576b\" data-element_type=\"widget\" data-e-type=\"widget\" data-widget_type=\"text-editor.default\">\n\t\t\t\t<div class=\"elementor-widget-container\">\n\t\t\t\t\t\t\t\t\t<p>machine learning para empresas, solu\u00e7\u00f5es de machine learning, aprendizado de m\u00e1quina corporativo, modelos preditivos, automa\u00e7\u00e3o com machine learning, consultoria em machine learning, an\u00e1lise de dados com IA, intelig\u00eancia artificial preditiva, machine learning no setor financeiro, algoritmos de previs\u00e3o empresarial<\/p>\t\t\t\t\t\t\t\t<\/div>\n\t\t\t\t<\/div>\n\t\t\t\t\t<\/div>\n\t\t\t\t<\/div>\n\t\t\t\t<\/div>\n\t\t","protected":false},"excerpt":{"rendered":"<p>Machine Learning Machine Learning para Empresas que Querem Prever, Aprender e Crescer com Intelig\u00eancia Solu\u00e7\u00f5es Inteligentes de Machine Learning para Tomada de Decis\u00e3o Baseada em Dados Na IKARON, desenvolvemos projetos de Machine Learning (Aprendizado de M\u00e1quina) que transformam dados em decis\u00f5es automatizadas, previs\u00f5es precisas e oportunidades reais de crescimento. Atuamos com solu\u00e7\u00f5es personalizadas para empresas de m\u00e9dio e grande portes<\/p>\n","protected":false},"author":1,"featured_media":0,"parent":0,"menu_order":0,"comment_status":"closed","ping_status":"closed","template":"elementor_header_footer","meta":{"_monsterinsights_skip_tracking":false,"_monsterinsights_sitenote_active":false,"_monsterinsights_sitenote_note":"","_monsterinsights_sitenote_category":0,"footnotes":""},"class_list":["post-1950","page","type-page","status-publish","hentry"],"_links":{"self":[{"href":"https:\/\/ikaron.com.br\/site\/wp-json\/wp\/v2\/pages\/1950","targetHints":{"allow":["GET"]}}],"collection":[{"href":"https:\/\/ikaron.com.br\/site\/wp-json\/wp\/v2\/pages"}],"about":[{"href":"https:\/\/ikaron.com.br\/site\/wp-json\/wp\/v2\/types\/page"}],"author":[{"embeddable":true,"href":"https:\/\/ikaron.com.br\/site\/wp-json\/wp\/v2\/users\/1"}],"replies":[{"embeddable":true,"href":"https:\/\/ikaron.com.br\/site\/wp-json\/wp\/v2\/comments?post=1950"}],"version-history":[{"count":10,"href":"https:\/\/ikaron.com.br\/site\/wp-json\/wp\/v2\/pages\/1950\/revisions"}],"predecessor-version":[{"id":1969,"href":"https:\/\/ikaron.com.br\/site\/wp-json\/wp\/v2\/pages\/1950\/revisions\/1969"}],"wp:attachment":[{"href":"https:\/\/ikaron.com.br\/site\/wp-json\/wp\/v2\/media?parent=1950"}],"curies":[{"name":"wp","href":"https:\/\/api.w.org\/{rel}","templated":true}]}}